{"id":6437,"date":"2023-11-22T18:21:08","date_gmt":"2023-11-22T16:21:08","guid":{"rendered":"https:\/\/heymonitor.ro\/?post_type=product&#038;p=6437"},"modified":"2024-08-22T13:56:28","modified_gmt":"2024-08-22T11:56:28","slug":"display-publicitar-samsung-premium","status":"publish","type":"product","link":"https:\/\/heymonitor.ro\/ro\/shop\/display-publicitar-samsung-premium\/","title":{"rendered":"Display Publicitar Samsung Premium"},"content":{"rendered":"<p><strong>Design Simplu \u0219i Eficient:<\/strong> Acest display publicitar premium este ideal, fie c\u0103 vrei s\u0103-l folose\u0219ti \u00een food-courts, vitrine de magazin sau pentru meniuri digitale. \u00ce\u021bi ofer\u0103 un design simplu \u0219i modern, perfect adaptat nevoilor tale.<\/p>\n<p><strong>Tehnologie Integrat\u0103 Samsung:<\/strong> Folosim display-uri Samsung capabile s\u0103 func\u021bioneze non-stop, cu player video integrat. Astfel, nu mai trebuie s\u0103 te complici cu un player extern, simplific\u00e2nd \u00eentreaga experien\u021b\u0103. Sistemul de management MagicInfo \u00ee\u021bi ofer\u0103 o arhitectur\u0103 sigur\u0103 \u0219i u\u0219or de utilizat, mult mai eficient\u0103 dec\u00e2t alte solu\u021bii de pe pia\u021b\u0103. Experien\u021ba noastr\u0103 arat\u0103 c\u0103 vei avea mult mai pu\u021bine interven\u021bii de mentenan\u021b\u0103 cu acest sistem.<\/p>\n<p><strong>Experien\u021b\u0103 \u0219i Suport Complet:<\/strong> \u00ce\u021bi oferim mai mult dec\u00e2t instalarea display-ului. Prime\u0219ti training pentru utilizarea CMS-ului \u0219i asisten\u021b\u0103 online. Avem o experien\u021b\u0103 vast\u0103 \u00een crearea \u0219i gestionarea con\u021binutului, f\u0103c\u00e2nd parte din <a href=\"http:\/\/colorbitor.com\">colorbitor.com<\/a>, o companie specializat\u0103 \u00een produc\u021bia de spoturi publicitare \u0219i tehnologii interactive. Aceast\u0103 expertiz\u0103 ne permite s\u0103 te ajut\u0103m eficient \u00een orice situa\u021bie legat\u0103 de con\u021binut.<\/p>\n<p><strong>Asisten\u021b\u0103 Personalizat\u0103 \u0219i Complet\u0103<\/strong>: Ne implic\u0103m activ \u00een sus\u021binerea departamentului t\u0103u de marketing, reduc\u00e2ndu-\u021bi volumul de munc\u0103. \u00ce\u021bi oferim solu\u021bii precum training \u00een utilizare, ajutor \u00een v\u00e2nzarea spa\u021biului publicitar \u0219i asisten\u021b\u0103 tehnic\u0103 prompt\u0103. Suntem mereu preg\u0103ti\u021bi s\u0103 r\u0103spundem rapid oric\u0103rei probleme, con\u0219tien\u021bi de importan\u021ba func\u021bion\u0103rii ne\u00eentrerupte a display-ului pentru succesul campaniilor tale de publicitate.<\/p>\n<p><strong>Parteneriat Durabil \u0219i de \u00cencredere:<\/strong> Aleg\u00e2nd acest display publicitar, te asiguri nu doar de un produs de \u00eenalt\u0103 calitate, ci \u0219i de un parteneriat fiabil.<\/p>","protected":false},"excerpt":{"rendered":"<p>Display publicitar premium Samsung, ideal pentru food-courts \u0219i vitrine, cu player integrat \u0219i sistem eficient de content management<\/p>","protected":false},"featured_media":3736,"comment_status":"open","ping_status":"closed","template":"","meta":[],"product_brand":[],"product_cat":[23],"product_tag":[],"class_list":{"0":"post-6437","1":"product","2":"type-product","3":"status-publish","4":"has-post-thumbnail","6":"product_cat-signage","8":"first","9":"instock","10":"taxable","11":"shipping-taxable","12":"purchasable","13":"product-type-variable"},"jetpack_sharing_enabled":true,"_links":{"self":[{"href":"https:\/\/heymonitor.ro\/ro\/wp-json\/wp\/v2\/product\/6437","targetHints":{"allow":["GET"]}}],"collection":[{"href":"https:\/\/heymonitor.ro\/ro\/wp-json\/wp\/v2\/product"}],"about":[{"href":"https:\/\/heymonitor.ro\/ro\/wp-json\/wp\/v2\/types\/product"}],"replies":[{"embeddable":true,"href":"https:\/\/heymonitor.ro\/ro\/wp-json\/wp\/v2\/comments?post=6437"}],"wp:featuredmedia":[{"embeddable":true,"href":"https:\/\/heymonitor.ro\/ro\/wp-json\/wp\/v2\/media\/3736"}],"wp:attachment":[{"href":"https:\/\/heymonitor.ro\/ro\/wp-json\/wp\/v2\/media?parent=6437"}],"wp:term":[{"taxonomy":"product_brand","embeddable":true,"href":"https:\/\/heymonitor.ro\/ro\/wp-json\/wp\/v2\/product_brand?post=6437"},{"taxonomy":"product_cat","embeddable":true,"href":"https:\/\/heymonitor.ro\/ro\/wp-json\/wp\/v2\/product_cat?post=6437"},{"taxonomy":"product_tag","embeddable":true,"href":"https:\/\/heymonitor.ro\/ro\/wp-json\/wp\/v2\/product_tag?post=6437"}],"curies":[{"name":"wp","href":"https:\/\/api.w.org\/{rel}","templated":true}]}}