{"id":6393,"date":"2023-11-22T12:57:45","date_gmt":"2023-11-22T10:57:45","guid":{"rendered":"https:\/\/heymonitor.ro\/?post_type=product&#038;p=6393"},"modified":"2024-08-22T12:25:52","modified_gmt":"2024-08-22T10:25:52","slug":"totem-publicitar-indoor-premium","status":"publish","type":"product","link":"https:\/\/heymonitor.ro\/ro\/shop\/totem-publicitar-indoor-premium\/","title":{"rendered":"Totem Publicitar Indoor Premium"},"content":{"rendered":"<p><strong>Totem Publicitar Premium \u2013 Solu\u021bia Ta Profesional\u0103 \u0219i Eficient\u0103<\/strong><\/p>\n<p><strong>Construc\u021bie Durabil\u0103 \u0219i Practic\u0103<\/strong>: Acest totem publicitar \u00ee\u021bi ofer\u0103 combina\u021bia perfect\u0103 \u00eentre durabilitate \u0219i eficien\u021b\u0103. Este realizat cu o structur\u0103 metalic\u0103 stabil\u0103 \u0219i vopsit\u0103, iar casetele laterale sunt echipate cu band\u0103 LED. Fetele, din dibond sau MDF de \u00eenalt\u0103 calitate, pot fi personalizate dup\u0103 brandul t\u0103u \u0219i pot include logo-ul companiei tale.<\/p>\n<p><strong>Tehnologie Integrat\u0103 Samsung:<\/strong> Noi folosim display-uri Samsung de 65 inch, capabile s\u0103 func\u021bioneze non-stop, cu player video integrat. Astfel, nu mai ai nevoie de un player extern, reduc\u00e2nd complica\u021biile tehnice. Sistemul de management MagicInfo \u00ee\u021bi ofer\u0103 o arhitectur\u0103 sigur\u0103 \u0219i u\u0219or de utilizat, mult mai eficient\u0103 comparativ cu alte sisteme. Experien\u021ba noastr\u0103 arat\u0103 c\u0103 interven\u021biile pentru mentenan\u021b\u0103 sunt semnificativ reduse cu acest sistem.<\/p>\n<p><strong>Experien\u021b\u0103 \u0219i Suport Complet:<\/strong> \u00ce\u021bi oferim nu doar instalarea totemului, ci \u0219i training pentru utilizarea CMS-ului \u0219i asisten\u021b\u0103 online. Avem o vast\u0103 experien\u021b\u0103 \u00een crearea \u0219i gestionarea con\u021binutului, fiind parte a <a href=\"http:\/\/colorbitor.com\">Colorbitor.com<\/a>, o companie specializat\u0103 \u00een produc\u021bia de spoturi publicitare \u0219i tehnologii interactive. Aceast\u0103 expertiz\u0103 ne permite s\u0103 abord\u0103m eficient orice situa\u021bie legat\u0103 de con\u021binut.<\/p>\n<p><strong>Asisten\u021b\u0103 Personalizat\u0103 \u0219i Complet\u0103:<\/strong> Ne implic\u0103m activ \u00een sus\u021binerea departamentului t\u0103u de marketing, reduc\u00e2ndu-\u021bi volumul de munc\u0103. \u00ce\u021bi oferim solu\u021bii precum training \u00een utilizare, implicare \u00een v\u00e2nzarea spa\u021biului publicitar \u0219i asisten\u021b\u0103 tehnic\u0103 prompt\u0103. Suntem preg\u0103ti\u021bi s\u0103 r\u0103spundem rapid oric\u0103ror probleme, con\u0219tien\u021bi de importan\u021ba func\u021bion\u0103rii ne\u00eentrerupte a totemului pentru succesul campaniilor tale de publicitate.<\/p>\n<p><strong>Parteneriat Durabil \u0219i de \u00cencredere:<\/strong> Aleg\u00e2nd acest totem publicitar, te asiguri nu doar de un produs de \u00eenalt\u0103 calitate, ci \u0219i de un parteneriat fiabil, dedicat succesului afacerii tale.<\/p>","protected":false},"excerpt":{"rendered":"<p>Totemul publicitar premium este o solu\u021bie de afi\u0219are digital\u0103 high-end. Echipat cu dou\u0103 display-uri profesionale Samsung de 65 inch. Structura sa robust\u0103, realizat\u0103 din metal, \u00eempreun\u0103 cu op\u021biunile de personalizare &#8211; cum ar fi alegerea culorilor \u0219i ad\u0103ugarea logo-ului &#8211; \u00eel face ideal pentru a se potrivi cu orice brand. Include un sistem CMS MagicInfo pentru o gestionare u\u0219oar\u0103 a con\u021binutului \u0219i vine cu servicii complete de instalare, training, \u0219i asisten\u021b\u0103 tehnic\u0103. Acest totem este o alegere excelent\u0103 pentru afaceri care caut\u0103 o solu\u021bie de publicitate vizual\u0103 durabil\u0103 \u0219i profesional\u0103.<\/p>","protected":false},"featured_media":1041,"comment_status":"open","ping_status":"closed","template":"","meta":[],"product_brand":[],"product_cat":[23],"product_tag":[],"class_list":{"0":"post-6393","1":"product","2":"type-product","3":"status-publish","4":"has-post-thumbnail","6":"product_cat-signage","8":"first","9":"instock","10":"taxable","11":"shipping-taxable","12":"purchasable","13":"product-type-simple"},"jetpack_sharing_enabled":true,"_links":{"self":[{"href":"https:\/\/heymonitor.ro\/ro\/wp-json\/wp\/v2\/product\/6393","targetHints":{"allow":["GET"]}}],"collection":[{"href":"https:\/\/heymonitor.ro\/ro\/wp-json\/wp\/v2\/product"}],"about":[{"href":"https:\/\/heymonitor.ro\/ro\/wp-json\/wp\/v2\/types\/product"}],"replies":[{"embeddable":true,"href":"https:\/\/heymonitor.ro\/ro\/wp-json\/wp\/v2\/comments?post=6393"}],"wp:featuredmedia":[{"embeddable":true,"href":"https:\/\/heymonitor.ro\/ro\/wp-json\/wp\/v2\/media\/1041"}],"wp:attachment":[{"href":"https:\/\/heymonitor.ro\/ro\/wp-json\/wp\/v2\/media?parent=6393"}],"wp:term":[{"taxonomy":"product_brand","embeddable":true,"href":"https:\/\/heymonitor.ro\/ro\/wp-json\/wp\/v2\/product_brand?post=6393"},{"taxonomy":"product_cat","embeddable":true,"href":"https:\/\/heymonitor.ro\/ro\/wp-json\/wp\/v2\/product_cat?post=6393"},{"taxonomy":"product_tag","embeddable":true,"href":"https:\/\/heymonitor.ro\/ro\/wp-json\/wp\/v2\/product_tag?post=6393"}],"curies":[{"name":"wp","href":"https:\/\/api.w.org\/{rel}","templated":true}]}}